{"id":516,"date":"2020-07-23T06:57:40","date_gmt":"2020-07-23T06:57:40","guid":{"rendered":"https:\/\/www.decktent.com\/?page_id=516"},"modified":"2021-04-26T10:20:58","modified_gmt":"2021-04-26T10:20:58","slug":"terms-and-conditions","status":"publish","type":"page","link":"https:\/\/inflatablebimini.com\/en\/terms-and-conditions\/","title":{"rendered":"Terms and Conditions"},"content":{"rendered":"<p>[et_pb_section fb_built=&#8221;1&#8243; _builder_version=&#8221;4.5.1&#8243; _module_preset=&#8221;default&#8221;][et_pb_row _builder_version=&#8221;4.5.1&#8243; _module_preset=&#8221;default&#8221;][et_pb_column type=&#8221;4_4&#8243; _builder_version=&#8221;4.5.1&#8243; _module_preset=&#8221;default&#8221;][et_pb_text _builder_version=&#8221;4.9.0&#8243; _module_preset=&#8221;default&#8221;]<\/p>\n<h1 class=\"page-title the-title\">Terms and Conditions<\/h1>\n<div class=\"page-content\">\n<div class=\"elementor elementor-12362\" data-elementor-type=\"wp-page\" data-elementor-id=\"12362\" data-elementor-settings=\"[]\">\n<div class=\"elementor-inner\">\n<div class=\"elementor-section-wrap\">\n<section class=\"elementor-element elementor-element-5c950d6 elementor-section-boxed elementor-section-height-default elementor-section-height-default elementor-section elementor-top-section\" data-id=\"5c950d6\" data-element_type=\"section\">\n<div class=\"elementor-container elementor-column-gap-default\">\n<div class=\"elementor-row\">\n<div class=\"elementor-element elementor-element-04b1b06 elementor-column elementor-col-100 elementor-top-column\" data-id=\"04b1b06\" data-element_type=\"column\">\n<div class=\"elementor-column-wrap elementor-element-populated\">\n<div class=\"elementor-widget-wrap\">\n<div class=\"elementor-element elementor-element-f808759 elementor-widget elementor-widget-text-editor\" data-id=\"f808759\" data-element_type=\"widget\" data-widget_type=\"text-editor.default\">\n<div class=\"elementor-widget-container\">\n<div class=\"elementor-text-editor elementor-clearfix\">\n<div class=\"std\">\n<p>&nbsp;<\/p>\n<p>Returning merchandise<\/p>\n<p>Products can be returned direct to Deck Solutions only if Deck Solutions provides a Return Manufacturer Authorization (RMA) in advance.<\/p>\n<p>The Return Manufacturer Authorization must be clearly labeled on the outside of the package, or the package will be refused and returned to you. Best is not liable for loss of items returned without an RMA in advance. All merchandise with an RMA must be shipped back to Best within 7 days of the date that the RMA was issued (you may ship by any method you choose). Please retain your shipping confirmation for proof of shipping within 7 days of RMA creation until you have received a refund or exchange from Best for the returned product. Any return that is not shipped within the 7-day window will be refused, and the RMA will be null and void.<\/p>\n<p>&nbsp;<\/p>\n<p>To get an RMA#, follow these instructions:<\/p>\n<p>Contact your Decktent Customer Service<\/p>\n<p>Secure your equipment inside the original shipping box. If the original packaging materials are unavailable, you must obtain and use similar packaging materials and make every effort to ensure that the product is not damaged during shipping. Make sure to include all packaging, including any protective wrapping. Please also include a copy of the original packing slip with your return.<\/p>\n<p>Write your RMA number on the box in LARGE letters next to the shipping address. For example, \u201cRMA 1140.\u201d And contact us at: decktent@gmail.com<\/p>\n<p>For any other region contact your Best Customer Service to clarify the exact shipping address for your return prior to any shipment!<\/p>\n<p>Any unauthorized or improperly packaged merchandise will be returned to sender.<\/p>\n<p>Items not purchased directly from Deck Solutions (i.e. via www.decktent.com) still enjoy the same warranty conditions, but are warranted through the original place of purchase only! Please contact the original place of purchase for warranty claims.<\/p>\n<p>&nbsp;<\/p>\n<p>Damages during shipping<\/p>\n<p>While it is unlikely that your items will be damaged during shipping, it can happen from time to time. Deck Solutions does everything possible to ensure the safe delivery of items purchased from us.<\/p>\n<p>However, in the unlikely instance of damage occurring during shipping, it is the customer\u2019s responsibility to notify the shipper and Deck Solutions immediately. If you notice any visual damage to a box when you receive it, we recommend inspecting the contents immediately to ensure they have arrived undamaged and that no items are missing. You should ask the driver to document that the box arrived damaged. Often the shipper will want to inspect the box and packaging materials, so be sure to retain everything until instructed otherwise by the shipper.<\/p>\n<\/div>\n<p>&nbsp;<\/p>\n<p>&nbsp;<\/p>\n<h1 class=\"page-title the-title\">Terminos y condiciones<\/h1>\n<p>Cancelaciones de pedidos<\/p>\n<p>Si bien Deck Solutions ofrece solo productos de la m\u00e1s alta calidad a los precios m\u00e1s competitivos, es posible que deba cancelar un pedido por alguna raz\u00f3n en particular.<\/p>\n<p>Deck Solutions no cobra ning\u00fan tipo de tarifa por cancelaciones si se solicita antes de emitir las instrucciones de env\u00edo a nuestro almac\u00e9n.\u00a0Enviamos la mayor\u00eda de los art\u00edculos el mismo d\u00eda en que se realiza el pedido, a menudo en minutos o en la misma hora de recibir el pedido.\u00a0Por lo tanto, no podemos garantizar que su pedido sea cancelado antes del env\u00edo.<\/p>\n<p>&nbsp;<\/p>\n<p>Para ayudarnos a cancelar su pedido antes de comenzar el proceso de env\u00edo, comun\u00edquese con el Servicio al Cliente antes de las 14:00 CET del mismo d\u00eda en que realiza el pedido.\u00a0En el caso de que su pedido ya se haya enviado, estaremos encantados de aceptar una devoluci\u00f3n bajo las condiciones de nuestra Garant\u00eda limitada.<\/p>\n<p>&nbsp;<\/p>\n<p>Devoluci\u00f3n de mercanc\u00eda<\/p>\n<p>Los productos se pueden devolver directamente a Deck Solutions solo si Deck Solutions proporciona una Autorizaci\u00f3n de devoluci\u00f3n del fabricante (RMA) por adelantado.<\/p>\n<p>La Autorizaci\u00f3n de devoluci\u00f3n del fabricante debe estar claramente etiquetada en el exterior del paquete, o el paquete ser\u00e1 rechazado y devuelto.\u00a0Deck Solutions S.L. no se hace responsable por la p\u00e9rdida de art\u00edculos devueltos sin una RMA por adelantado.\u00a0Toda la mercanc\u00eda con una RMA debe enviarse de regreso a Deck Solutions S.L. dentro de los 7 d\u00edas posteriores a la fecha en que se emiti\u00f3 la RMA (puede enviarla por cualquier m\u00e9todo que elija).\u00a0Conserve su confirmaci\u00f3n de env\u00edo como prueba de env\u00edo dentro de los 7 d\u00edas posteriores a la creaci\u00f3n de RMA hasta que haya recibido un reembolso o cambio de Deck Solutions S.L. por el producto devuelto.\u00a0Cualquier devoluci\u00f3n que no se env\u00ede dentro del per\u00edodo de 7 d\u00edas ser\u00e1 rechazada y la RMA ser\u00e1 nula y sin efecto.<\/p>\n<p>&nbsp;<\/p>\n<p>Para obtener un n\u00famero de RMA, siga estas instrucciones:<\/p>\n<p>P\u00f3ngase en contacto con el servicio de atenci\u00f3n al cliente de Decktent<\/p>\n<p>Asegure su equipo dentro de la caja de env\u00edo original.\u00a0Si los materiales de embalaje originales no est\u00e1n disponibles, debe obtener y utilizar materiales de embalaje similares y hacer todo lo posible para asegurarse de que el producto no se da\u00f1e durante el env\u00edo.\u00a0Aseg\u00farese de incluir todo el embalaje, incluido el envoltorio protector.\u00a0Incluya tambi\u00e9n una copia del albar\u00e1n de embalaje original con su devoluci\u00f3n.<\/p>\n<p>Escriba su n\u00famero de RMA en la casilla con letras GRANDES junto a la direcci\u00f3n de env\u00edo.\u00a0Por ejemplo, &#8220;RMA 1140&#8221;.\u00a0Y cont\u00e1ctenos en: decktent@gmail.com<\/p>\n<p>Para cualquier otra regi\u00f3n, comun\u00edquese con su Servicio al Cliente para aclarar la direcci\u00f3n de env\u00edo exacta para su devoluci\u00f3n antes de cualquier env\u00edo.<\/p>\n<p>Cualquier mercanc\u00eda no autorizada o empaquetada incorrectamente ser\u00e1 devuelta al remitente.<\/p>\n<p>Los art\u00edculos que no se compran directamente de Deck Solutions (es decir, a trav\u00e9s de www.decktent.com) a\u00fan disfrutan de las mismas condiciones de garant\u00eda, \u00a1pero est\u00e1n garantizados \u00fanicamente a trav\u00e9s del lugar original de compra!\u00a0Comun\u00edquese con el lugar de compra original para reclamos de garant\u00eda.<\/p>\n<p>&nbsp;<\/p>\n<p>Da\u00f1os durante el env\u00edo<\/p>\n<p>Si bien es poco probable que sus art\u00edculos se da\u00f1en durante el env\u00edo, puede suceder de vez en cuando.\u00a0Deck Solutions hace todo lo posible para garantizar la entrega segura de los art\u00edculos que nos compra.<\/p>\n<p>Sin embargo, en el caso poco probable de que se produzcan da\u00f1os durante el env\u00edo, es responsabilidad del cliente notificar al remitente y a Deck Solutions de inmediato.\u00a0Si nota alg\u00fan da\u00f1o visual en una caja cuando la recibe, le recomendamos que inspeccione el contenido de inmediato para asegurarse de que haya llegado sin da\u00f1os y que no falte ning\u00fan art\u00edculo.\u00a0Debe pedirle al conductor que documente que la caja lleg\u00f3 da\u00f1ada.\u00a0A menudo, el remitente querr\u00e1 inspeccionar la caja y los materiales de embalaje, as\u00ed que aseg\u00farese de guardar todo hasta que el remitente le indique lo contrario.<\/p>\n<div class=\"std\">\u00a0<\/div>\n<\/div>\n<\/div>\n<\/div>\n<\/div>\n<\/div>\n<\/div>\n<\/div>\n<\/div>\n<\/section>\n<\/div>\n<\/div>\n<\/div>\n<\/div>\n<p>[\/et_pb_text][\/et_pb_column][\/et_pb_row][\/et_pb_section]<\/p>\n","protected":false},"excerpt":{"rendered":"<p>Terms and Conditions &nbsp; Returning merchandise Products can be returned direct to Deck Solutions only if Deck Solutions provides a Return Manufacturer Authorization (RMA) in advance. The Return Manufacturer Authorization must be clearly labeled on the outside of the package, or the package will be refused and returned to you. Best is not liable for [&hellip;]<\/p>\n","protected":false},"author":1,"featured_media":0,"parent":0,"menu_order":0,"comment_status":"closed","ping_status":"closed","template":"","meta":{"_et_pb_use_builder":"on","_et_pb_old_content":"","_et_gb_content_width":"","footnotes":""},"class_list":["post-516","page","type-page","status-publish","hentry"],"yoast_head":"<!-- This site is optimized with the Yoast SEO plugin v27.2 - https:\/\/yoast.com\/product\/yoast-seo-wordpress\/ -->\n<title>Terms and Conditions - DeckTent<\/title>\n<meta name=\"robots\" content=\"index, follow, max-snippet:-1, max-image-preview:large, max-video-preview:-1\" \/>\n<link rel=\"canonical\" href=\"https:\/\/inflatablebimini.com\/en\/terms-and-conditions\/\" \/>\n<meta property=\"og:locale\" content=\"en_US\" \/>\n<meta property=\"og:type\" content=\"article\" \/>\n<meta property=\"og:title\" content=\"Terms and Conditions - DeckTent\" \/>\n<meta property=\"og:description\" content=\"Terms and Conditions &nbsp; Returning merchandise Products can be returned direct to Deck Solutions only if Deck Solutions provides a Return Manufacturer Authorization (RMA) in advance. The Return Manufacturer Authorization must be clearly labeled on the outside of the package, or the package will be refused and returned to you. Best is not liable for [&hellip;]\" \/>\n<meta property=\"og:url\" content=\"https:\/\/inflatablebimini.com\/en\/terms-and-conditions\/\" \/>\n<meta property=\"og:site_name\" content=\"DeckTent\" \/>\n<meta property=\"article:publisher\" content=\"https:\/\/www.facebook.com\/decktent.biminis\" \/>\n<meta property=\"article:modified_time\" content=\"2021-04-26T10:20:58+00:00\" \/>\n<meta name=\"twitter:card\" content=\"summary_large_image\" \/>\n<meta name=\"twitter:label1\" content=\"Est. reading time\" \/>\n\t<meta name=\"twitter:data1\" content=\"6 minutes\" \/>\n<script type=\"application\/ld+json\" class=\"yoast-schema-graph\">{\"@context\":\"https:\/\/schema.org\",\"@graph\":[{\"@type\":\"WebPage\",\"@id\":\"https:\/\/inflatablebimini.com\/en\/terms-and-conditions\/\",\"url\":\"https:\/\/inflatablebimini.com\/en\/terms-and-conditions\/\",\"name\":\"Terms and Conditions - DeckTent\",\"isPartOf\":{\"@id\":\"https:\/\/inflatablebimini.com\/#website\"},\"datePublished\":\"2020-07-23T06:57:40+00:00\",\"dateModified\":\"2021-04-26T10:20:58+00:00\",\"breadcrumb\":{\"@id\":\"https:\/\/inflatablebimini.com\/en\/terms-and-conditions\/#breadcrumb\"},\"inLanguage\":\"en-US\",\"potentialAction\":[{\"@type\":\"ReadAction\",\"target\":[\"https:\/\/inflatablebimini.com\/en\/terms-and-conditions\/\"]}]},{\"@type\":\"BreadcrumbList\",\"@id\":\"https:\/\/inflatablebimini.com\/en\/terms-and-conditions\/#breadcrumb\",\"itemListElement\":[{\"@type\":\"ListItem\",\"position\":1,\"name\":\"Home\",\"item\":\"https:\/\/inflatablebimini.com\/en\/\"},{\"@type\":\"ListItem\",\"position\":2,\"name\":\"Terms and Conditions\"}]},{\"@type\":\"WebSite\",\"@id\":\"https:\/\/inflatablebimini.com\/#website\",\"url\":\"https:\/\/inflatablebimini.com\/\",\"name\":\"DeckTent\",\"description\":\"Just another WordPress site\",\"potentialAction\":[{\"@type\":\"SearchAction\",\"target\":{\"@type\":\"EntryPoint\",\"urlTemplate\":\"https:\/\/inflatablebimini.com\/?s={search_term_string}\"},\"query-input\":{\"@type\":\"PropertyValueSpecification\",\"valueRequired\":true,\"valueName\":\"search_term_string\"}}],\"inLanguage\":\"en-US\"}]}<\/script>\n<!-- \/ Yoast SEO plugin. -->","yoast_head_json":{"title":"Terms and Conditions - DeckTent","robots":{"index":"index","follow":"follow","max-snippet":"max-snippet:-1","max-image-preview":"max-image-preview:large","max-video-preview":"max-video-preview:-1"},"canonical":"https:\/\/inflatablebimini.com\/en\/terms-and-conditions\/","og_locale":"en_US","og_type":"article","og_title":"Terms and Conditions - DeckTent","og_description":"Terms and Conditions &nbsp; Returning merchandise Products can be returned direct to Deck Solutions only if Deck Solutions provides a Return Manufacturer Authorization (RMA) in advance. The Return Manufacturer Authorization must be clearly labeled on the outside of the package, or the package will be refused and returned to you. Best is not liable for [&hellip;]","og_url":"https:\/\/inflatablebimini.com\/en\/terms-and-conditions\/","og_site_name":"DeckTent","article_publisher":"https:\/\/www.facebook.com\/decktent.biminis","article_modified_time":"2021-04-26T10:20:58+00:00","twitter_card":"summary_large_image","twitter_misc":{"Est. reading time":"6 minutes"},"schema":{"@context":"https:\/\/schema.org","@graph":[{"@type":"WebPage","@id":"https:\/\/inflatablebimini.com\/en\/terms-and-conditions\/","url":"https:\/\/inflatablebimini.com\/en\/terms-and-conditions\/","name":"Terms and Conditions - DeckTent","isPartOf":{"@id":"https:\/\/inflatablebimini.com\/#website"},"datePublished":"2020-07-23T06:57:40+00:00","dateModified":"2021-04-26T10:20:58+00:00","breadcrumb":{"@id":"https:\/\/inflatablebimini.com\/en\/terms-and-conditions\/#breadcrumb"},"inLanguage":"en-US","potentialAction":[{"@type":"ReadAction","target":["https:\/\/inflatablebimini.com\/en\/terms-and-conditions\/"]}]},{"@type":"BreadcrumbList","@id":"https:\/\/inflatablebimini.com\/en\/terms-and-conditions\/#breadcrumb","itemListElement":[{"@type":"ListItem","position":1,"name":"Home","item":"https:\/\/inflatablebimini.com\/en\/"},{"@type":"ListItem","position":2,"name":"Terms and Conditions"}]},{"@type":"WebSite","@id":"https:\/\/inflatablebimini.com\/#website","url":"https:\/\/inflatablebimini.com\/","name":"DeckTent","description":"Just another WordPress site","potentialAction":[{"@type":"SearchAction","target":{"@type":"EntryPoint","urlTemplate":"https:\/\/inflatablebimini.com\/?s={search_term_string}"},"query-input":{"@type":"PropertyValueSpecification","valueRequired":true,"valueName":"search_term_string"}}],"inLanguage":"en-US"}]}},"_links":{"self":[{"href":"https:\/\/inflatablebimini.com\/en\/wp-json\/wp\/v2\/pages\/516","targetHints":{"allow":["GET"]}}],"collection":[{"href":"https:\/\/inflatablebimini.com\/en\/wp-json\/wp\/v2\/pages"}],"about":[{"href":"https:\/\/inflatablebimini.com\/en\/wp-json\/wp\/v2\/types\/page"}],"author":[{"embeddable":true,"href":"https:\/\/inflatablebimini.com\/en\/wp-json\/wp\/v2\/users\/1"}],"replies":[{"embeddable":true,"href":"https:\/\/inflatablebimini.com\/en\/wp-json\/wp\/v2\/comments?post=516"}],"version-history":[{"count":7,"href":"https:\/\/inflatablebimini.com\/en\/wp-json\/wp\/v2\/pages\/516\/revisions"}],"predecessor-version":[{"id":987,"href":"https:\/\/inflatablebimini.com\/en\/wp-json\/wp\/v2\/pages\/516\/revisions\/987"}],"wp:attachment":[{"href":"https:\/\/inflatablebimini.com\/en\/wp-json\/wp\/v2\/media?parent=516"}],"curies":[{"name":"wp","href":"https:\/\/api.w.org\/{rel}","templated":true}]}}